{"id":16,"date":"2020-08-19T07:12:16","date_gmt":"2020-08-19T07:12:16","guid":{"rendered":"https:\/\/ayka.ch\/index.php\/home\/"},"modified":"2021-11-30T17:45:49","modified_gmt":"2021-11-30T16:45:49","slug":"home","status":"publish","type":"page","link":"https:\/\/ayka.ch\/","title":{"rendered":"Home"},"content":{"rendered":"\n<div class=\"wp-block-senff-sticky-block\" data-topspace=\"120\" data-cfa=\"true\" data-minwidth=\"900\" data-maxwidth=\"99999\" data-pushup=\"#footer\" data-zindex=\"1\">\n<p class=\"has-drop-cap\">Der Hovawart ist eine sehr alte deutsche Gebrauchshunderasse. Der Name stammt aus dem Mittelhochdeutschen: Hova = der Hof und Wart = der W\u00e4chter. Seit 1922 wurde diese Rasse unter Verwendung von typm\u00e4ssig \u00e4hnlichen Hunden, die man auf Bauernh\u00f6fen noch vorfand, neu herausgez\u00fcchtet. Ausserdem wurden Einkreuzungen von Deutschen Sch\u00e4ferhunden, Neufundl\u00e4ndern, Leonberger und weiteren Hunderassen in den Letzten Jahren der Zucht vorgenommen. Durch starke Selektionsmassnahmen wurde der Urspr\u00fcngliche Gebrauchshundetyp wieder erreicht. Im Ursprungsland wird auf den Gesundheitszustand des Hovawarts sehr grosser Wert gelegt. Insbesondere ist die H\u00fcftgelenksdysplasie durch jahrzehntelange Selektion auf HD-freie Tiere bis auf wenige Prozent zur\u00fcckgedr\u00e4ngt worden. Es wird erwartet, dass diese Bem\u00fchungen in allen Hovawart-Zuchtvereinen Nachahmung findet.<\/p>\n\n\n\n<p><\/p>\n\n\n\n<p><\/p>\n<\/div>\n\n\n\n<p><\/p>\n","protected":false},"excerpt":{"rendered":"","protected":false},"author":1,"featured_media":0,"parent":0,"menu_order":0,"comment_status":"closed","ping_status":"closed","template":"","meta":{"footnotes":""},"class_list":["post-16","page","type-page","status-publish","hentry"],"jetpack_sharing_enabled":true,"_links":{"self":[{"href":"https:\/\/ayka.ch\/index.php\/wp-json\/wp\/v2\/pages\/16","targetHints":{"allow":["GET"]}}],"collection":[{"href":"https:\/\/ayka.ch\/index.php\/wp-json\/wp\/v2\/pages"}],"about":[{"href":"https:\/\/ayka.ch\/index.php\/wp-json\/wp\/v2\/types\/page"}],"author":[{"embeddable":true,"href":"https:\/\/ayka.ch\/index.php\/wp-json\/wp\/v2\/users\/1"}],"replies":[{"embeddable":true,"href":"https:\/\/ayka.ch\/index.php\/wp-json\/wp\/v2\/comments?post=16"}],"version-history":[{"count":35,"href":"https:\/\/ayka.ch\/index.php\/wp-json\/wp\/v2\/pages\/16\/revisions"}],"predecessor-version":[{"id":2429,"href":"https:\/\/ayka.ch\/index.php\/wp-json\/wp\/v2\/pages\/16\/revisions\/2429"}],"wp:attachment":[{"href":"https:\/\/ayka.ch\/index.php\/wp-json\/wp\/v2\/media?parent=16"}],"curies":[{"name":"wp","href":"https:\/\/api.w.org\/{rel}","templated":true}]}}